{"id":3770,"date":"2020-10-07T12:47:48","date_gmt":"2020-10-07T12:47:48","guid":{"rendered":"https:\/\/cmaasrl.it\/cookies\/"},"modified":"2021-02-25T12:48:38","modified_gmt":"2021-02-25T12:48:38","slug":"cookies","status":"publish","type":"page","link":"https:\/\/cmaasrl.it\/de\/cookies\/","title":{"rendered":"Cookies"},"content":{"rendered":"<div class=\"fusion-fullwidth fullwidth-box fusion-builder-row-1 fusion-flex-container nonhundred-percent-fullwidth non-hundred-percent-height-scrolling\" style=\"background-color: rgba(255,255,255,0);background-position: center center;background-repeat: no-repeat;border-width: 0px 0px 0px 0px;border-color:#eae9e9;border-style:solid;\" ><div class=\"fusion-builder-row fusion-row fusion-flex-align-items-flex-start\" style=\"max-width:1144px;margin-left: calc(-4% \/ 2 );margin-right: calc(-4% \/ 2 );\"><div class=\"fusion-layout-column fusion_builder_column fusion-builder-column-0 fusion_builder_column_1_1 1_1 fusion-flex-column\"><div class=\"fusion-column-wrapper fusion-flex-justify-content-flex-start fusion-content-layout-column\" style=\"background-position:left top;background-repeat:no-repeat;-webkit-background-size:cover;-moz-background-size:cover;-o-background-size:cover;background-size:cover;padding: 0px 0px 0px 0px;\"><style type=\"text\/css\">@media only screen and (max-width:1024px) {.fusion-title.fusion-title-1{margin-top:0px!important;margin-bottom:20px!important;}}<\/style><div class=\"fusion-title title fusion-title-1 fusion-sep-none fusion-title-text fusion-title-size-one\" style=\"margin-top:0px;margin-bottom:20px;\"><h1 class=\"title-heading-left\" style=\"margin:0;\"><div class=\"superpage-title-ricerca\">\n<h2>Cookies<\/h2>\n<\/div><\/h1><\/div><div class=\"fusion-text fusion-text-1\"><p>Als Verantwortlicher der Datenverarbeitung erfasst die Fa. C.M.A.A. Srl die Daten, die der Benutzer bei Ausf\u00fcllen des vorliegenden Formulars angibt, um die angefragten Dienstleistungen zu erbringen, Interessierten die M\u00f6glichkeiten zu geben, an den Initiativen von C.M.A.A. Srl teilzunehmen, und um ihnen die erforderlichen Informationen \u00fcber die Dienstleistung zukommen zu lassen.<\/p>\n<p>Die Weigerung zur Angabe der Daten f\u00fchrt dazu, dass die angefragte Dienstleistung nicht erbracht werden kann. Die Daten werden mit Hilfe von elektronischen Systemen von den Auftragsverarbeitern und den mit der Erbringung der Dienstleistungen Beauftragen verarbeitet, jeder innerhalb seines Zust\u00e4ndigkeitsbereichs. Der Betroffen hat das Recht, jederzeit eine Erg\u00e4nzung, \u00c4nderung, Aktualisierung oder L\u00f6schung seiner personenbezogenen Daten zu verlangen und kann dies mit einer einfachen schriftlichen Mitteilung an die E-Mail Adresse info@cmaasrl.it tun.<\/p>\n<h3><strong>Verwendung der Cookies<\/strong><\/h3>\n<p>Diese Webseite benutzt Cookies. Durch Navigieren auf dieser Webseite erkl\u00e4rt sich der Benutzer mit der Verwendung der Cookies nach Vorgabe der in der vorliegenden Erkl\u00e4rung enthaltenen Bedingungen einverstanden.<\/p>\n<h3><strong>Was sind Cookies?<\/strong><\/h3>\n<p>Cookies sind kleine Textdateien, die Datenpakete enthalten, welche jedes Mal dann auf dem Computer oder dem mobilen Endger\u00e4t des Benutzers gespeichert werden, wenn eine Webseite \u00fcber einen Browser besucht wird. Bei jedem folgenden Besuch sendet der Browser diese Cookies an die Webseite, die sie generiert hat, oder an eine andere Webseite. Die Cookies erlaben den Webseiten, sich einige Daten zu merken, f\u00fcr ein einfacheres und schnelleres Navigieren auf der Webseite. Cookies werden in zwei Hauptkategorien eingeteilt, und zwar Session-Cookies und permanente (persistente) Cookies. Die Session-Cookies werden beim Schlie\u00dfen vom Browser automatisch vom Computer gel\u00f6scht, w\u00e4hrend die permanenten (persistenten) Cookies auf dem Computer oder Endger\u00e4t des Benutzers gespeichert werden, bis sie gel\u00f6scht werden oder ihre F\u00e4lligkeit erreichen.<\/p>\n<p>Die Fa. C.M.A.A. Srl verwendet nur technische Cookies, die automatisch bei Aufrufen der Webseite installiert werden und f\u00fcr die gem\u00e4\u00df Art. 122 des Ital. Datenschutzgesetzes und Verf\u00fcgung des Datenschutzbeauftragten vom 8. Mai 2014 keine Einwilligung des Betroffenen erforderlich ist. Ohne diese Cookies funktioniert die Webseite nicht korrekt.<\/p>\n<h3><strong>Drittanbieter-Cookies<\/strong><\/h3>\n<p>Die Fa. C.M.A.A. Srl verwendet Google Analytics, um Daten \u00fcber die Nutzung der eigenen Webseite durch die Besucher zu sammeln. Google Analytics generiert statistische Informationen und andere Informationen durch die Cookies, die auf den Computern der Benutzer gespeichert werden. Die Daten, die bez\u00fcglich unserer Webseite generiert werden, werden verwendet, um Berichte \u00fcber die Nutzung der Webseiten zu erstellen. Google speichert und nutzt diese Daten. Die Datenschutzerkl\u00e4rung von Google kann mit folgendem Link aufgerufen werden:\u00a0<a href=\"https:\/\/www.google.com\/policies\/privacy\/\" target=\"_blank\" rel=\"noopener\">google.com\/privacypolicy.<\/a><\/p>\n<h3><strong>Deaktivierung der Cookies<\/strong><\/h3>\n<p>Das Blockieren der Cookies kann die Nutzung einiger Webseiten beeintr\u00e4chtigen. Der Gro\u00dfteil der Browser erlaubt das Ablehnen\/Akzeptieren der Cookies. Zur Deaktivieren der analytischen Cookies und um zu verhindern, dass Google Analytics die Navigationsdaten erfasst, kann mit folgendem Link ein Browser-Add-on zur Deaktivierung der Cookies heruntergeladen werden: <a href=\"https:\/\/tools.google.com\/dlpage\/gaoptout\" target=\"_blank\" rel=\"noopener\">tools.google.com\/dlpage\/gaoptout.<\/a><\/p>\n<p>Jeder Browser verwaltet die Cookies anders. Mit den folgenden Links k\u00f6nnen die entsprechenden Seiten f\u00fcr die Verwaltung der Cookies der am weitesten verbreiteten Browser aufgerufen werden:<\/p>\n<p><a href=\"https:\/\/support.google.com\/accounts\/answer\/61416?hl=it\" target=\"_blank\" rel=\"noopener\">Google Chrome<\/a><br \/>\n<a href=\"https:\/\/support.mozilla.org\/en-US\/kb\/enhanced-tracking-protection-firefox-desktop?redirectslug=enable-and-disable-cookies-website-preferences&amp;redirectlocale=en-US\" target=\"_blank\" rel=\"noopener\">Mozilla Firefox<\/a><br \/>\n<a href=\"https:\/\/support.microsoft.com\/it-it\/help\/17442\/windows-internet-explorer-delete-manage-cookies\" target=\"_blank\" rel=\"noopener\">Internet Explorer<\/a><br \/>\n<a href=\"https:\/\/support.apple.com\/en-us\/HT201265\" target=\"_blank\" rel=\"noopener\">Safari IOS (dispositivi mobile)<\/a><br \/>\n<a href=\"https:\/\/support.apple.com\/it-it\/guide\/safari\/sfri11471\/mac\" target=\"_blank\" rel=\"noopener\">Safari<\/a><\/p>\n<h4>Verantwortlicher der Datenverarbeitung:<br \/>\nC.M.A.A. Srl<br \/>\nVia Stezzano, 3 \u2013 24050 ZANICA (BG) \u2013 Italy<\/h4>\n<p>Rechte des Betroffenen: Gem\u00e4\u00df Art. 7 Ital. Datenschutzgesetzt hat der Betroffene das Recht, jederzeit eine Best\u00e4tigung zu erhalten, ob es personenbezogene Daten von ihm gibt, und den Inhalt und die Herkunft zu erfahren, die Richtigkeit zu pr\u00fcfen oder die Erg\u00e4nzung oder Aktualisierung oder Richtigstellung zu verlangen. Er hat weiterhin das Recht, die L\u00f6schung der Daten, die Anonymisierung oder die Einschr\u00e4nkung der Verarbeitung bei rechtswidriger Datenverarbeitung zu verlangen sowie aus gerechtfertigten Gr\u00fcnden Widerspruch gegen die Verarbeitung der Daten einzulegen, und zwar mit einer schriftlichen Mitteilung an die oben genannte Adresse.<\/p>\n<\/div><\/div><\/div><style type=\"text\/css\">.fusion-body .fusion-builder-column-0{width:100% !important;margin-top : 0px;margin-bottom : 0px;}.fusion-builder-column-0 > .fusion-column-wrapper {padding-top : 0px !important;padding-right : 0px !important;margin-right : 1.92%;padding-bottom : 0px !important;padding-left : 0px !important;margin-left : 1.92%;}@media only screen and (max-width:1024px) {.fusion-body .fusion-builder-column-0{width:100% !important;order : 0;}.fusion-builder-column-0 > .fusion-column-wrapper {margin-right : 1.92%;margin-left : 1.92%;}}@media only screen and (max-width:640px) {.fusion-body .fusion-builder-column-0{width:100% !important;order : 0;}.fusion-builder-column-0 > .fusion-column-wrapper {padding-top : 0px !important;margin-right : 1.92%;margin-left : 1.92%;}}<\/style><\/div><style type=\"text\/css\">.fusion-body .fusion-flex-container.fusion-builder-row-1{ padding-top : 0px;margin-top : 0px;padding-right : 0px;padding-bottom : 0px;margin-bottom : 0px;padding-left : 0px;}<\/style><\/div>\n","protected":false},"excerpt":{"rendered":"","protected":false},"author":1,"featured_media":0,"parent":0,"menu_order":0,"comment_status":"closed","ping_status":"closed","template":"100-width.php","meta":[],"_links":{"self":[{"href":"https:\/\/cmaasrl.it\/de\/wp-json\/wp\/v2\/pages\/3770"}],"collection":[{"href":"https:\/\/cmaasrl.it\/de\/wp-json\/wp\/v2\/pages"}],"about":[{"href":"https:\/\/cmaasrl.it\/de\/wp-json\/wp\/v2\/types\/page"}],"author":[{"embeddable":true,"href":"https:\/\/cmaasrl.it\/de\/wp-json\/wp\/v2\/users\/1"}],"replies":[{"embeddable":true,"href":"https:\/\/cmaasrl.it\/de\/wp-json\/wp\/v2\/comments?post=3770"}],"version-history":[{"count":4,"href":"https:\/\/cmaasrl.it\/de\/wp-json\/wp\/v2\/pages\/3770\/revisions"}],"predecessor-version":[{"id":3818,"href":"https:\/\/cmaasrl.it\/de\/wp-json\/wp\/v2\/pages\/3770\/revisions\/3818"}],"wp:attachment":[{"href":"https:\/\/cmaasrl.it\/de\/wp-json\/wp\/v2\/media?parent=3770"}],"curies":[{"name":"wp","href":"https:\/\/api.w.org\/{rel}","templated":true}]}}